{"id":3296,"date":"2023-09-27T14:05:37","date_gmt":"2023-09-27T11:05:37","guid":{"rendered":"https:\/\/asociatia.md\/servicii-de-recrutare\/hiring-overseas-employees\/"},"modified":"2026-03-01T11:39:56","modified_gmt":"2026-03-01T09:39:56","slug":"lucratori-din-strainatate","status":"publish","type":"page","link":"https:\/\/ara.md\/ro\/servicii-de-recrutare\/lucratori-din-strainatate\/","title":{"rendered":"Lucr\u0103tori din str\u0103in\u0103tate"},"content":{"rendered":"","protected":false},"excerpt":{"rendered":"","protected":false},"author":2,"featured_media":5442,"parent":708,"menu_order":0,"comment_status":"closed","ping_status":"closed","template":"templates\/Overseas-Worker.php","meta":{"_acf_changed":false,"inline_featured_image":false,"footnotes":""},"class_list":["post-3296","page","type-page","status-publish","has-post-thumbnail","hentry"],"acf":[],"yoast_head":"<!-- This site is optimized with the Yoast SEO plugin v26.8 - https:\/\/yoast.com\/product\/yoast-seo-wordpress\/ -->\n<title>Recrutarea lucr\u0103torilor din str\u0103in\u0103tate &#8212; ARA<\/title>\n<meta name=\"description\" content=\"G\u0103si\u021bi candida\u021bi talenta\u021bi din \u00eentreaga lume pentru afacerea dvs. \u0219i construi\u021bi o echip\u0103 de succes cu recrutarea de lucr\u0103tori din str\u0103in\u0103tate\" \/>\n<meta name=\"robots\" content=\"index, follow, max-snippet:-1, max-image-preview:large, max-video-preview:-1\" \/>\n<link rel=\"canonical\" href=\"https:\/\/ara.md\/ro\/servicii-de-recrutare\/lucratori-din-strainatate\/\" \/>\n<meta property=\"og:locale\" content=\"ro_RO\" \/>\n<meta property=\"og:type\" content=\"article\" \/>\n<meta property=\"og:title\" content=\"Recrutarea lucr\u0103torilor din str\u0103in\u0103tate &#8212; ARA\" \/>\n<meta property=\"og:description\" content=\"G\u0103si\u021bi candida\u021bi talenta\u021bi din \u00eentreaga lume pentru afacerea dvs. \u0219i construi\u021bi o echip\u0103 de succes cu recrutarea de lucr\u0103tori din str\u0103in\u0103tate\" \/>\n<meta property=\"og:url\" content=\"https:\/\/ara.md\/ro\/servicii-de-recrutare\/lucratori-din-strainatate\/\" \/>\n<meta property=\"og:site_name\" content=\"ARA\" \/>\n<meta property=\"article:publisher\" content=\"https:\/\/www.facebook.com\/ara.moldova\" \/>\n<meta property=\"article:modified_time\" content=\"2026-03-01T09:39:56+00:00\" \/>\n<meta property=\"og:image\" content=\"https:\/\/ara.md\/wp-content\/uploads\/2024\/09\/AdobeStock_737403383-mob-1.5x.jpg\" \/>\n\t<meta property=\"og:image:width\" content=\"495\" \/>\n\t<meta property=\"og:image:height\" content=\"600\" \/>\n\t<meta property=\"og:image:type\" content=\"image\/jpeg\" \/>\n<meta name=\"twitter:card\" content=\"summary_large_image\" \/>\n<meta name=\"twitter:label1\" content=\"Timp estimat pentru citire\" \/>\n\t<meta name=\"twitter:data1\" content=\"1 minut\" \/>\n<script type=\"application\/ld+json\" class=\"yoast-schema-graph\">{\"@context\":\"https:\/\/schema.org\",\"@graph\":[{\"@type\":\"WebPage\",\"@id\":\"https:\/\/ara.md\/ro\/servicii-de-recrutare\/lucratori-din-strainatate\/\",\"url\":\"https:\/\/ara.md\/ro\/servicii-de-recrutare\/lucratori-din-strainatate\/\",\"name\":\"Recrutarea lucr\u0103torilor din str\u0103in\u0103tate &#8212; ARA\",\"isPartOf\":{\"@id\":\"https:\/\/ara.md\/#website\"},\"primaryImageOfPage\":{\"@id\":\"https:\/\/ara.md\/ro\/servicii-de-recrutare\/lucratori-din-strainatate\/#primaryimage\"},\"image\":{\"@id\":\"https:\/\/ara.md\/ro\/servicii-de-recrutare\/lucratori-din-strainatate\/#primaryimage\"},\"thumbnailUrl\":\"https:\/\/ara.md\/wp-content\/uploads\/2024\/09\/AdobeStock_737403383-mob-1.5x.jpg\",\"datePublished\":\"2023-09-27T11:05:37+00:00\",\"dateModified\":\"2026-03-01T09:39:56+00:00\",\"description\":\"G\u0103si\u021bi candida\u021bi talenta\u021bi din \u00eentreaga lume pentru afacerea dvs. \u0219i construi\u021bi o echip\u0103 de succes cu recrutarea de lucr\u0103tori din str\u0103in\u0103tate\",\"breadcrumb\":{\"@id\":\"https:\/\/ara.md\/ro\/servicii-de-recrutare\/lucratori-din-strainatate\/#breadcrumb\"},\"inLanguage\":\"ro-RO\",\"potentialAction\":[{\"@type\":\"ReadAction\",\"target\":[\"https:\/\/ara.md\/ro\/servicii-de-recrutare\/lucratori-din-strainatate\/\"]}]},{\"@type\":\"ImageObject\",\"inLanguage\":\"ro-RO\",\"@id\":\"https:\/\/ara.md\/ro\/servicii-de-recrutare\/lucratori-din-strainatate\/#primaryimage\",\"url\":\"https:\/\/ara.md\/wp-content\/uploads\/2024\/09\/AdobeStock_737403383-mob-1.5x.jpg\",\"contentUrl\":\"https:\/\/ara.md\/wp-content\/uploads\/2024\/09\/AdobeStock_737403383-mob-1.5x.jpg\",\"width\":495,\"height\":600,\"caption\":\"Employing an Overseas Worker\"},{\"@type\":\"BreadcrumbList\",\"@id\":\"https:\/\/ara.md\/ro\/servicii-de-recrutare\/lucratori-din-strainatate\/#breadcrumb\",\"itemListElement\":[{\"@type\":\"ListItem\",\"position\":1,\"name\":\"Home\",\"item\":\"https:\/\/ara.md\/ro\/\"},{\"@type\":\"ListItem\",\"position\":2,\"name\":\"Servicii de Recrutare\",\"item\":\"https:\/\/ara.md\/ro\/servicii-de-recrutare\/\"},{\"@type\":\"ListItem\",\"position\":3,\"name\":\"Lucr\u0103tori din str\u0103in\u0103tate\"}]},{\"@type\":\"WebSite\",\"@id\":\"https:\/\/ara.md\/#website\",\"url\":\"https:\/\/ara.md\/\",\"name\":\"Association of Recruitment Agencies of Moldova\",\"description\":\"All the Recruitment Power of Moldova in Your Hands\",\"publisher\":{\"@id\":\"https:\/\/ara.md\/#organization\"},\"alternateName\":\"ARA\",\"potentialAction\":[{\"@type\":\"SearchAction\",\"target\":{\"@type\":\"EntryPoint\",\"urlTemplate\":\"https:\/\/ara.md\/?s={search_term_string}\"},\"query-input\":{\"@type\":\"PropertyValueSpecification\",\"valueRequired\":true,\"valueName\":\"search_term_string\"}}],\"inLanguage\":\"ro-RO\"},{\"@type\":\"Organization\",\"@id\":\"https:\/\/ara.md\/#organization\",\"name\":\"Association of Recruitment Agencies of Moldova\",\"alternateName\":\"ARA\",\"url\":\"https:\/\/ara.md\/\",\"logo\":{\"@type\":\"ImageObject\",\"inLanguage\":\"ro-RO\",\"@id\":\"https:\/\/ara.md\/#\/schema\/logo\/image\/\",\"url\":\"https:\/\/ara.md\/wp-content\/uploads\/2023\/07\/ara-logo-horizontal-en.svg\",\"contentUrl\":\"https:\/\/ara.md\/wp-content\/uploads\/2023\/07\/ara-logo-horizontal-en.svg\",\"caption\":\"Association of Recruitment Agencies of Moldova\"},\"image\":{\"@id\":\"https:\/\/ara.md\/#\/schema\/logo\/image\/\"},\"sameAs\":[\"https:\/\/www.facebook.com\/ara.moldova\",\"https:\/\/www.linkedin.com\/company\/78005867\/admin\/dashboard\/\",\"https:\/\/www.instagram.com\/ara.moldova\/\",\"https:\/\/www.youtube.com\/@ara.moldova\"]}]}<\/script>\n<!-- \/ Yoast SEO plugin. -->","yoast_head_json":{"title":"Recrutarea lucr\u0103torilor din str\u0103in\u0103tate &#8212; ARA","description":"G\u0103si\u021bi candida\u021bi talenta\u021bi din \u00eentreaga lume pentru afacerea dvs. \u0219i construi\u021bi o echip\u0103 de succes cu recrutarea de lucr\u0103tori din str\u0103in\u0103tate","robots":{"index":"index","follow":"follow","max-snippet":"max-snippet:-1","max-image-preview":"max-image-preview:large","max-video-preview":"max-video-preview:-1"},"canonical":"https:\/\/ara.md\/ro\/servicii-de-recrutare\/lucratori-din-strainatate\/","og_locale":"ro_RO","og_type":"article","og_title":"Recrutarea lucr\u0103torilor din str\u0103in\u0103tate &#8212; ARA","og_description":"G\u0103si\u021bi candida\u021bi talenta\u021bi din \u00eentreaga lume pentru afacerea dvs. \u0219i construi\u021bi o echip\u0103 de succes cu recrutarea de lucr\u0103tori din str\u0103in\u0103tate","og_url":"https:\/\/ara.md\/ro\/servicii-de-recrutare\/lucratori-din-strainatate\/","og_site_name":"ARA","article_publisher":"https:\/\/www.facebook.com\/ara.moldova","article_modified_time":"2026-03-01T09:39:56+00:00","og_image":[{"width":495,"height":600,"url":"https:\/\/ara.md\/wp-content\/uploads\/2024\/09\/AdobeStock_737403383-mob-1.5x.jpg","type":"image\/jpeg"}],"twitter_card":"summary_large_image","twitter_misc":{"Timp estimat pentru citire":"1 minut"},"schema":{"@context":"https:\/\/schema.org","@graph":[{"@type":"WebPage","@id":"https:\/\/ara.md\/ro\/servicii-de-recrutare\/lucratori-din-strainatate\/","url":"https:\/\/ara.md\/ro\/servicii-de-recrutare\/lucratori-din-strainatate\/","name":"Recrutarea lucr\u0103torilor din str\u0103in\u0103tate &#8212; ARA","isPartOf":{"@id":"https:\/\/ara.md\/#website"},"primaryImageOfPage":{"@id":"https:\/\/ara.md\/ro\/servicii-de-recrutare\/lucratori-din-strainatate\/#primaryimage"},"image":{"@id":"https:\/\/ara.md\/ro\/servicii-de-recrutare\/lucratori-din-strainatate\/#primaryimage"},"thumbnailUrl":"https:\/\/ara.md\/wp-content\/uploads\/2024\/09\/AdobeStock_737403383-mob-1.5x.jpg","datePublished":"2023-09-27T11:05:37+00:00","dateModified":"2026-03-01T09:39:56+00:00","description":"G\u0103si\u021bi candida\u021bi talenta\u021bi din \u00eentreaga lume pentru afacerea dvs. \u0219i construi\u021bi o echip\u0103 de succes cu recrutarea de lucr\u0103tori din str\u0103in\u0103tate","breadcrumb":{"@id":"https:\/\/ara.md\/ro\/servicii-de-recrutare\/lucratori-din-strainatate\/#breadcrumb"},"inLanguage":"ro-RO","potentialAction":[{"@type":"ReadAction","target":["https:\/\/ara.md\/ro\/servicii-de-recrutare\/lucratori-din-strainatate\/"]}]},{"@type":"ImageObject","inLanguage":"ro-RO","@id":"https:\/\/ara.md\/ro\/servicii-de-recrutare\/lucratori-din-strainatate\/#primaryimage","url":"https:\/\/ara.md\/wp-content\/uploads\/2024\/09\/AdobeStock_737403383-mob-1.5x.jpg","contentUrl":"https:\/\/ara.md\/wp-content\/uploads\/2024\/09\/AdobeStock_737403383-mob-1.5x.jpg","width":495,"height":600,"caption":"Employing an Overseas Worker"},{"@type":"BreadcrumbList","@id":"https:\/\/ara.md\/ro\/servicii-de-recrutare\/lucratori-din-strainatate\/#breadcrumb","itemListElement":[{"@type":"ListItem","position":1,"name":"Home","item":"https:\/\/ara.md\/ro\/"},{"@type":"ListItem","position":2,"name":"Servicii de Recrutare","item":"https:\/\/ara.md\/ro\/servicii-de-recrutare\/"},{"@type":"ListItem","position":3,"name":"Lucr\u0103tori din str\u0103in\u0103tate"}]},{"@type":"WebSite","@id":"https:\/\/ara.md\/#website","url":"https:\/\/ara.md\/","name":"Association of Recruitment Agencies of Moldova","description":"All the Recruitment Power of Moldova in Your Hands","publisher":{"@id":"https:\/\/ara.md\/#organization"},"alternateName":"ARA","potentialAction":[{"@type":"SearchAction","target":{"@type":"EntryPoint","urlTemplate":"https:\/\/ara.md\/?s={search_term_string}"},"query-input":{"@type":"PropertyValueSpecification","valueRequired":true,"valueName":"search_term_string"}}],"inLanguage":"ro-RO"},{"@type":"Organization","@id":"https:\/\/ara.md\/#organization","name":"Association of Recruitment Agencies of Moldova","alternateName":"ARA","url":"https:\/\/ara.md\/","logo":{"@type":"ImageObject","inLanguage":"ro-RO","@id":"https:\/\/ara.md\/#\/schema\/logo\/image\/","url":"https:\/\/ara.md\/wp-content\/uploads\/2023\/07\/ara-logo-horizontal-en.svg","contentUrl":"https:\/\/ara.md\/wp-content\/uploads\/2023\/07\/ara-logo-horizontal-en.svg","caption":"Association of Recruitment Agencies of Moldova"},"image":{"@id":"https:\/\/ara.md\/#\/schema\/logo\/image\/"},"sameAs":["https:\/\/www.facebook.com\/ara.moldova","https:\/\/www.linkedin.com\/company\/78005867\/admin\/dashboard\/","https:\/\/www.instagram.com\/ara.moldova\/","https:\/\/www.youtube.com\/@ara.moldova"]}]}},"_links":{"self":[{"href":"https:\/\/ara.md\/ro\/wp-json\/wp\/v2\/pages\/3296","targetHints":{"allow":["GET"]}}],"collection":[{"href":"https:\/\/ara.md\/ro\/wp-json\/wp\/v2\/pages"}],"about":[{"href":"https:\/\/ara.md\/ro\/wp-json\/wp\/v2\/types\/page"}],"author":[{"embeddable":true,"href":"https:\/\/ara.md\/ro\/wp-json\/wp\/v2\/users\/2"}],"replies":[{"embeddable":true,"href":"https:\/\/ara.md\/ro\/wp-json\/wp\/v2\/comments?post=3296"}],"version-history":[{"count":9,"href":"https:\/\/ara.md\/ro\/wp-json\/wp\/v2\/pages\/3296\/revisions"}],"predecessor-version":[{"id":7508,"href":"https:\/\/ara.md\/ro\/wp-json\/wp\/v2\/pages\/3296\/revisions\/7508"}],"up":[{"embeddable":true,"href":"https:\/\/ara.md\/ro\/wp-json\/wp\/v2\/pages\/708"}],"wp:featuredmedia":[{"embeddable":true,"href":"https:\/\/ara.md\/ro\/wp-json\/wp\/v2\/media\/5442"}],"wp:attachment":[{"href":"https:\/\/ara.md\/ro\/wp-json\/wp\/v2\/media?parent=3296"}],"curies":[{"name":"wp","href":"https:\/\/api.w.org\/{rel}","templated":true}]}}