{"id":5117,"date":"2024-09-13T11:32:13","date_gmt":"2024-09-13T08:32:13","guid":{"rendered":"https:\/\/ara.md\/echipa\/"},"modified":"2025-05-27T09:04:26","modified_gmt":"2025-05-27T06:04:26","slug":"echipa-noastra","status":"publish","type":"page","link":"https:\/\/ara.md\/ro\/echipa-noastra\/","title":{"rendered":"Echipa Noastr\u0103"},"content":{"rendered":"","protected":false},"excerpt":{"rendered":"","protected":false},"author":2,"featured_media":0,"parent":0,"menu_order":0,"comment_status":"closed","ping_status":"closed","template":"templates\/our_team.php","meta":{"_acf_changed":false,"inline_featured_image":false,"footnotes":""},"class_list":["post-5117","page","type-page","status-publish","hentry"],"acf":[],"yoast_head":"<!-- This site is optimized with the Yoast SEO plugin v26.8 - https:\/\/yoast.com\/product\/yoast-seo-wordpress\/ -->\n<title>Echipa Noastr\u0103 &#8212; ARA<\/title>\n<meta name=\"description\" content=\"\u00cent\u00e2lne\u0219te echipa ARA, dedicat\u0103 recrut\u0103rii de excep\u021bie. Descoperi\u021bi profilurile membrilor no\u0219tri \u0219i pasiunea care ne ghideaz\u0103 misiunea.\" \/>\n<meta name=\"robots\" content=\"index, follow, max-snippet:-1, max-image-preview:large, max-video-preview:-1\" \/>\n<link rel=\"canonical\" href=\"https:\/\/ara.md\/ro\/echipa-noastra\/\" \/>\n<meta property=\"og:locale\" content=\"ro_RO\" \/>\n<meta property=\"og:type\" content=\"article\" \/>\n<meta property=\"og:title\" content=\"Echipa Noastr\u0103 &#8212; ARA\" \/>\n<meta property=\"og:description\" content=\"\u00cent\u00e2lne\u0219te echipa ARA, dedicat\u0103 recrut\u0103rii de excep\u021bie. Descoperi\u021bi profilurile membrilor no\u0219tri \u0219i pasiunea care ne ghideaz\u0103 misiunea.\" \/>\n<meta property=\"og:url\" content=\"https:\/\/ara.md\/ro\/echipa-noastra\/\" \/>\n<meta property=\"og:site_name\" content=\"ARA\" \/>\n<meta property=\"article:publisher\" content=\"https:\/\/www.facebook.com\/ara.moldova\" \/>\n<meta property=\"article:modified_time\" content=\"2025-05-27T06:04:26+00:00\" \/>\n<meta property=\"og:image\" content=\"https:\/\/ara.md\/wp-content\/uploads\/2024\/07\/120996785_190901899304053_2415639135373465751_n.jpg\" \/>\n\t<meta property=\"og:image:width\" content=\"940\" \/>\n\t<meta property=\"og:image:height\" content=\"510\" \/>\n\t<meta property=\"og:image:type\" content=\"image\/jpeg\" \/>\n<meta name=\"twitter:card\" content=\"summary_large_image\" \/>\n<script type=\"application\/ld+json\" class=\"yoast-schema-graph\">{\"@context\":\"https:\/\/schema.org\",\"@graph\":[{\"@type\":\"WebPage\",\"@id\":\"https:\/\/ara.md\/ro\/echipa-noastra\/\",\"url\":\"https:\/\/ara.md\/ro\/echipa-noastra\/\",\"name\":\"Echipa Noastr\u0103 &#8212; ARA\",\"isPartOf\":{\"@id\":\"https:\/\/ara.md\/#website\"},\"datePublished\":\"2024-09-13T08:32:13+00:00\",\"dateModified\":\"2025-05-27T06:04:26+00:00\",\"description\":\"\u00cent\u00e2lne\u0219te echipa ARA, dedicat\u0103 recrut\u0103rii de excep\u021bie. Descoperi\u021bi profilurile membrilor no\u0219tri \u0219i pasiunea care ne ghideaz\u0103 misiunea.\",\"breadcrumb\":{\"@id\":\"https:\/\/ara.md\/ro\/echipa-noastra\/#breadcrumb\"},\"inLanguage\":\"ro-RO\",\"potentialAction\":[{\"@type\":\"ReadAction\",\"target\":[\"https:\/\/ara.md\/ro\/echipa-noastra\/\"]}]},{\"@type\":\"BreadcrumbList\",\"@id\":\"https:\/\/ara.md\/ro\/echipa-noastra\/#breadcrumb\",\"itemListElement\":[{\"@type\":\"ListItem\",\"position\":1,\"name\":\"Home\",\"item\":\"https:\/\/ara.md\/ro\/\"},{\"@type\":\"ListItem\",\"position\":2,\"name\":\"Echipa Noastr\u0103\"}]},{\"@type\":\"WebSite\",\"@id\":\"https:\/\/ara.md\/#website\",\"url\":\"https:\/\/ara.md\/\",\"name\":\"Association of Recruitment Agencies of Moldova\",\"description\":\"All the Recruitment Power of Moldova in Your Hands\",\"publisher\":{\"@id\":\"https:\/\/ara.md\/#organization\"},\"alternateName\":\"ARA\",\"potentialAction\":[{\"@type\":\"SearchAction\",\"target\":{\"@type\":\"EntryPoint\",\"urlTemplate\":\"https:\/\/ara.md\/?s={search_term_string}\"},\"query-input\":{\"@type\":\"PropertyValueSpecification\",\"valueRequired\":true,\"valueName\":\"search_term_string\"}}],\"inLanguage\":\"ro-RO\"},{\"@type\":\"Organization\",\"@id\":\"https:\/\/ara.md\/#organization\",\"name\":\"Association of Recruitment Agencies of Moldova\",\"alternateName\":\"ARA\",\"url\":\"https:\/\/ara.md\/\",\"logo\":{\"@type\":\"ImageObject\",\"inLanguage\":\"ro-RO\",\"@id\":\"https:\/\/ara.md\/#\/schema\/logo\/image\/\",\"url\":\"https:\/\/ara.md\/wp-content\/uploads\/2023\/07\/ara-logo-horizontal-en.svg\",\"contentUrl\":\"https:\/\/ara.md\/wp-content\/uploads\/2023\/07\/ara-logo-horizontal-en.svg\",\"caption\":\"Association of Recruitment Agencies of Moldova\"},\"image\":{\"@id\":\"https:\/\/ara.md\/#\/schema\/logo\/image\/\"},\"sameAs\":[\"https:\/\/www.facebook.com\/ara.moldova\",\"https:\/\/www.linkedin.com\/company\/78005867\/admin\/dashboard\/\",\"https:\/\/www.instagram.com\/ara.moldova\/\",\"https:\/\/www.youtube.com\/@ara.moldova\"]}]}<\/script>\n<!-- \/ Yoast SEO plugin. -->","yoast_head_json":{"title":"Echipa Noastr\u0103 &#8212; ARA","description":"\u00cent\u00e2lne\u0219te echipa ARA, dedicat\u0103 recrut\u0103rii de excep\u021bie. Descoperi\u021bi profilurile membrilor no\u0219tri \u0219i pasiunea care ne ghideaz\u0103 misiunea.","robots":{"index":"index","follow":"follow","max-snippet":"max-snippet:-1","max-image-preview":"max-image-preview:large","max-video-preview":"max-video-preview:-1"},"canonical":"https:\/\/ara.md\/ro\/echipa-noastra\/","og_locale":"ro_RO","og_type":"article","og_title":"Echipa Noastr\u0103 &#8212; ARA","og_description":"\u00cent\u00e2lne\u0219te echipa ARA, dedicat\u0103 recrut\u0103rii de excep\u021bie. Descoperi\u021bi profilurile membrilor no\u0219tri \u0219i pasiunea care ne ghideaz\u0103 misiunea.","og_url":"https:\/\/ara.md\/ro\/echipa-noastra\/","og_site_name":"ARA","article_publisher":"https:\/\/www.facebook.com\/ara.moldova","article_modified_time":"2025-05-27T06:04:26+00:00","og_image":[{"width":940,"height":510,"url":"https:\/\/ara.md\/wp-content\/uploads\/2024\/07\/120996785_190901899304053_2415639135373465751_n.jpg","type":"image\/jpeg"}],"twitter_card":"summary_large_image","schema":{"@context":"https:\/\/schema.org","@graph":[{"@type":"WebPage","@id":"https:\/\/ara.md\/ro\/echipa-noastra\/","url":"https:\/\/ara.md\/ro\/echipa-noastra\/","name":"Echipa Noastr\u0103 &#8212; ARA","isPartOf":{"@id":"https:\/\/ara.md\/#website"},"datePublished":"2024-09-13T08:32:13+00:00","dateModified":"2025-05-27T06:04:26+00:00","description":"\u00cent\u00e2lne\u0219te echipa ARA, dedicat\u0103 recrut\u0103rii de excep\u021bie. Descoperi\u021bi profilurile membrilor no\u0219tri \u0219i pasiunea care ne ghideaz\u0103 misiunea.","breadcrumb":{"@id":"https:\/\/ara.md\/ro\/echipa-noastra\/#breadcrumb"},"inLanguage":"ro-RO","potentialAction":[{"@type":"ReadAction","target":["https:\/\/ara.md\/ro\/echipa-noastra\/"]}]},{"@type":"BreadcrumbList","@id":"https:\/\/ara.md\/ro\/echipa-noastra\/#breadcrumb","itemListElement":[{"@type":"ListItem","position":1,"name":"Home","item":"https:\/\/ara.md\/ro\/"},{"@type":"ListItem","position":2,"name":"Echipa Noastr\u0103"}]},{"@type":"WebSite","@id":"https:\/\/ara.md\/#website","url":"https:\/\/ara.md\/","name":"Association of Recruitment Agencies of Moldova","description":"All the Recruitment Power of Moldova in Your Hands","publisher":{"@id":"https:\/\/ara.md\/#organization"},"alternateName":"ARA","potentialAction":[{"@type":"SearchAction","target":{"@type":"EntryPoint","urlTemplate":"https:\/\/ara.md\/?s={search_term_string}"},"query-input":{"@type":"PropertyValueSpecification","valueRequired":true,"valueName":"search_term_string"}}],"inLanguage":"ro-RO"},{"@type":"Organization","@id":"https:\/\/ara.md\/#organization","name":"Association of Recruitment Agencies of Moldova","alternateName":"ARA","url":"https:\/\/ara.md\/","logo":{"@type":"ImageObject","inLanguage":"ro-RO","@id":"https:\/\/ara.md\/#\/schema\/logo\/image\/","url":"https:\/\/ara.md\/wp-content\/uploads\/2023\/07\/ara-logo-horizontal-en.svg","contentUrl":"https:\/\/ara.md\/wp-content\/uploads\/2023\/07\/ara-logo-horizontal-en.svg","caption":"Association of Recruitment Agencies of Moldova"},"image":{"@id":"https:\/\/ara.md\/#\/schema\/logo\/image\/"},"sameAs":["https:\/\/www.facebook.com\/ara.moldova","https:\/\/www.linkedin.com\/company\/78005867\/admin\/dashboard\/","https:\/\/www.instagram.com\/ara.moldova\/","https:\/\/www.youtube.com\/@ara.moldova"]}]}},"_links":{"self":[{"href":"https:\/\/ara.md\/ro\/wp-json\/wp\/v2\/pages\/5117","targetHints":{"allow":["GET"]}}],"collection":[{"href":"https:\/\/ara.md\/ro\/wp-json\/wp\/v2\/pages"}],"about":[{"href":"https:\/\/ara.md\/ro\/wp-json\/wp\/v2\/types\/page"}],"author":[{"embeddable":true,"href":"https:\/\/ara.md\/ro\/wp-json\/wp\/v2\/users\/2"}],"replies":[{"embeddable":true,"href":"https:\/\/ara.md\/ro\/wp-json\/wp\/v2\/comments?post=5117"}],"version-history":[{"count":7,"href":"https:\/\/ara.md\/ro\/wp-json\/wp\/v2\/pages\/5117\/revisions"}],"predecessor-version":[{"id":7094,"href":"https:\/\/ara.md\/ro\/wp-json\/wp\/v2\/pages\/5117\/revisions\/7094"}],"wp:attachment":[{"href":"https:\/\/ara.md\/ro\/wp-json\/wp\/v2\/media?parent=5117"}],"curies":[{"name":"wp","href":"https:\/\/api.w.org\/{rel}","templated":true}]}}