{"id":69,"date":"2023-07-11T06:34:14","date_gmt":"2023-07-11T03:34:14","guid":{"rendered":"https:\/\/asociatia.md\/homepage\/"},"modified":"2024-11-11T18:28:10","modified_gmt":"2024-11-11T16:28:10","slug":"recrutare-forta-de-munca","status":"publish","type":"page","link":"https:\/\/ara.md\/ro\/","title":{"rendered":"Pagina principal\u0103"},"content":{"rendered":"","protected":false},"excerpt":{"rendered":"","protected":false},"author":1,"featured_media":2049,"parent":0,"menu_order":0,"comment_status":"closed","ping_status":"closed","template":"","meta":{"_acf_changed":false,"inline_featured_image":false,"footnotes":""},"class_list":["post-69","page","type-page","status-publish","has-post-thumbnail","hentry"],"acf":[],"yoast_head":"<!-- This site is optimized with the Yoast SEO plugin v26.8 - https:\/\/yoast.com\/product\/yoast-seo-wordpress\/ -->\n<title>Toat\u0103 puterea de recrutare a Moldovei \u00een m\u00e2inile tale &#8212; ARA<\/title>\n<meta name=\"description\" content=\"Asocia\u021bia Agen\u021biilor de Recrutare din Moldova conecteaz\u0103 companiile din UE cu for\u021ba de munc\u0103 calificat\u0103 din Moldova. Contacteaz\u0103-ne ast\u0103zi.\" \/>\n<meta name=\"robots\" content=\"index, follow, max-snippet:-1, max-image-preview:large, max-video-preview:-1\" \/>\n<link rel=\"canonical\" href=\"https:\/\/ara.md\/ro\/\" \/>\n<meta property=\"og:locale\" content=\"ro_RO\" \/>\n<meta property=\"og:type\" content=\"article\" \/>\n<meta property=\"og:title\" content=\"Toat\u0103 puterea de recrutare a Moldovei \u00een m\u00e2inile tale &#8212; ARA\" \/>\n<meta property=\"og:description\" content=\"Asocia\u021bia Agen\u021biilor de Recrutare din Moldova conecteaz\u0103 companiile din UE cu for\u021ba de munc\u0103 calificat\u0103 din Moldova. Contacteaz\u0103-ne ast\u0103zi.\" \/>\n<meta property=\"og:url\" content=\"https:\/\/ara.md\/ro\/\" \/>\n<meta property=\"og:site_name\" content=\"ARA\" \/>\n<meta property=\"article:publisher\" content=\"https:\/\/www.facebook.com\/ara.moldova\" \/>\n<meta property=\"article:modified_time\" content=\"2024-11-11T16:28:10+00:00\" \/>\n<meta property=\"og:image\" content=\"https:\/\/ara.md\/wp-content\/uploads\/2023\/08\/P1050780.jpg\" \/>\n\t<meta property=\"og:image:width\" content=\"1920\" \/>\n\t<meta property=\"og:image:height\" content=\"1080\" \/>\n\t<meta property=\"og:image:type\" content=\"image\/jpeg\" \/>\n<meta name=\"twitter:card\" content=\"summary_large_image\" \/>\n<meta name=\"twitter:label1\" content=\"Timp estimat pentru citire\" \/>\n\t<meta name=\"twitter:data1\" content=\"1 minut\" \/>\n<script type=\"application\/ld+json\" class=\"yoast-schema-graph\">{\"@context\":\"https:\/\/schema.org\",\"@graph\":[{\"@type\":\"WebPage\",\"@id\":\"https:\/\/ara.md\/ro\/\",\"url\":\"https:\/\/ara.md\/ro\/\",\"name\":\"Toat\u0103 puterea de recrutare a Moldovei \u00een m\u00e2inile tale &#8212; ARA\",\"isPartOf\":{\"@id\":\"https:\/\/ara.md\/#website\"},\"primaryImageOfPage\":{\"@id\":\"https:\/\/ara.md\/ro\/#primaryimage\"},\"image\":{\"@id\":\"https:\/\/ara.md\/ro\/#primaryimage\"},\"thumbnailUrl\":\"https:\/\/ara.md\/wp-content\/uploads\/2023\/08\/P1050780.jpg\",\"datePublished\":\"2023-07-11T03:34:14+00:00\",\"dateModified\":\"2024-11-11T16:28:10+00:00\",\"description\":\"Asocia\u021bia Agen\u021biilor de Recrutare din Moldova conecteaz\u0103 companiile din UE cu for\u021ba de munc\u0103 calificat\u0103 din Moldova. Contacteaz\u0103-ne ast\u0103zi.\",\"breadcrumb\":{\"@id\":\"https:\/\/ara.md\/ro\/#breadcrumb\"},\"inLanguage\":\"ro-RO\",\"potentialAction\":[{\"@type\":\"ReadAction\",\"target\":[\"https:\/\/ara.md\/ro\/\"]}]},{\"@type\":\"ImageObject\",\"inLanguage\":\"ro-RO\",\"@id\":\"https:\/\/ara.md\/ro\/#primaryimage\",\"url\":\"https:\/\/ara.md\/wp-content\/uploads\/2023\/08\/P1050780.jpg\",\"contentUrl\":\"https:\/\/ara.md\/wp-content\/uploads\/2023\/08\/P1050780.jpg\",\"width\":1920,\"height\":1080,\"caption\":\"ARA meeting\"},{\"@type\":\"BreadcrumbList\",\"@id\":\"https:\/\/ara.md\/ro\/#breadcrumb\",\"itemListElement\":[{\"@type\":\"ListItem\",\"position\":1,\"name\":\"Home\",\"item\":\"https:\/\/ara.md\/ro\/\"},{\"@type\":\"ListItem\",\"position\":2,\"name\":\"Pagina principal\u0103\"}]},{\"@type\":\"WebSite\",\"@id\":\"https:\/\/ara.md\/#website\",\"url\":\"https:\/\/ara.md\/\",\"name\":\"Association of Recruitment Agencies of Moldova\",\"description\":\"All the Recruitment Power of Moldova in Your Hands\",\"publisher\":{\"@id\":\"https:\/\/ara.md\/#organization\"},\"alternateName\":\"ARA\",\"potentialAction\":[{\"@type\":\"SearchAction\",\"target\":{\"@type\":\"EntryPoint\",\"urlTemplate\":\"https:\/\/ara.md\/?s={search_term_string}\"},\"query-input\":{\"@type\":\"PropertyValueSpecification\",\"valueRequired\":true,\"valueName\":\"search_term_string\"}}],\"inLanguage\":\"ro-RO\"},{\"@type\":\"Organization\",\"@id\":\"https:\/\/ara.md\/#organization\",\"name\":\"Association of Recruitment Agencies of Moldova\",\"alternateName\":\"ARA\",\"url\":\"https:\/\/ara.md\/\",\"logo\":{\"@type\":\"ImageObject\",\"inLanguage\":\"ro-RO\",\"@id\":\"https:\/\/ara.md\/#\/schema\/logo\/image\/\",\"url\":\"https:\/\/ara.md\/wp-content\/uploads\/2023\/07\/ara-logo-horizontal-en.svg\",\"contentUrl\":\"https:\/\/ara.md\/wp-content\/uploads\/2023\/07\/ara-logo-horizontal-en.svg\",\"caption\":\"Association of Recruitment Agencies of Moldova\"},\"image\":{\"@id\":\"https:\/\/ara.md\/#\/schema\/logo\/image\/\"},\"sameAs\":[\"https:\/\/www.facebook.com\/ara.moldova\",\"https:\/\/www.linkedin.com\/company\/78005867\/admin\/dashboard\/\",\"https:\/\/www.instagram.com\/ara.moldova\/\",\"https:\/\/www.youtube.com\/@ara.moldova\"]}]}<\/script>\n<!-- \/ Yoast SEO plugin. -->","yoast_head_json":{"title":"Toat\u0103 puterea de recrutare a Moldovei \u00een m\u00e2inile tale &#8212; ARA","description":"Asocia\u021bia Agen\u021biilor de Recrutare din Moldova conecteaz\u0103 companiile din UE cu for\u021ba de munc\u0103 calificat\u0103 din Moldova. Contacteaz\u0103-ne ast\u0103zi.","robots":{"index":"index","follow":"follow","max-snippet":"max-snippet:-1","max-image-preview":"max-image-preview:large","max-video-preview":"max-video-preview:-1"},"canonical":"https:\/\/ara.md\/ro\/","og_locale":"ro_RO","og_type":"article","og_title":"Toat\u0103 puterea de recrutare a Moldovei \u00een m\u00e2inile tale &#8212; ARA","og_description":"Asocia\u021bia Agen\u021biilor de Recrutare din Moldova conecteaz\u0103 companiile din UE cu for\u021ba de munc\u0103 calificat\u0103 din Moldova. Contacteaz\u0103-ne ast\u0103zi.","og_url":"https:\/\/ara.md\/ro\/","og_site_name":"ARA","article_publisher":"https:\/\/www.facebook.com\/ara.moldova","article_modified_time":"2024-11-11T16:28:10+00:00","og_image":[{"width":1920,"height":1080,"url":"https:\/\/ara.md\/wp-content\/uploads\/2023\/08\/P1050780.jpg","type":"image\/jpeg"}],"twitter_card":"summary_large_image","twitter_misc":{"Timp estimat pentru citire":"1 minut"},"schema":{"@context":"https:\/\/schema.org","@graph":[{"@type":"WebPage","@id":"https:\/\/ara.md\/ro\/","url":"https:\/\/ara.md\/ro\/","name":"Toat\u0103 puterea de recrutare a Moldovei \u00een m\u00e2inile tale &#8212; ARA","isPartOf":{"@id":"https:\/\/ara.md\/#website"},"primaryImageOfPage":{"@id":"https:\/\/ara.md\/ro\/#primaryimage"},"image":{"@id":"https:\/\/ara.md\/ro\/#primaryimage"},"thumbnailUrl":"https:\/\/ara.md\/wp-content\/uploads\/2023\/08\/P1050780.jpg","datePublished":"2023-07-11T03:34:14+00:00","dateModified":"2024-11-11T16:28:10+00:00","description":"Asocia\u021bia Agen\u021biilor de Recrutare din Moldova conecteaz\u0103 companiile din UE cu for\u021ba de munc\u0103 calificat\u0103 din Moldova. Contacteaz\u0103-ne ast\u0103zi.","breadcrumb":{"@id":"https:\/\/ara.md\/ro\/#breadcrumb"},"inLanguage":"ro-RO","potentialAction":[{"@type":"ReadAction","target":["https:\/\/ara.md\/ro\/"]}]},{"@type":"ImageObject","inLanguage":"ro-RO","@id":"https:\/\/ara.md\/ro\/#primaryimage","url":"https:\/\/ara.md\/wp-content\/uploads\/2023\/08\/P1050780.jpg","contentUrl":"https:\/\/ara.md\/wp-content\/uploads\/2023\/08\/P1050780.jpg","width":1920,"height":1080,"caption":"ARA meeting"},{"@type":"BreadcrumbList","@id":"https:\/\/ara.md\/ro\/#breadcrumb","itemListElement":[{"@type":"ListItem","position":1,"name":"Home","item":"https:\/\/ara.md\/ro\/"},{"@type":"ListItem","position":2,"name":"Pagina principal\u0103"}]},{"@type":"WebSite","@id":"https:\/\/ara.md\/#website","url":"https:\/\/ara.md\/","name":"Association of Recruitment Agencies of Moldova","description":"All the Recruitment Power of Moldova in Your Hands","publisher":{"@id":"https:\/\/ara.md\/#organization"},"alternateName":"ARA","potentialAction":[{"@type":"SearchAction","target":{"@type":"EntryPoint","urlTemplate":"https:\/\/ara.md\/?s={search_term_string}"},"query-input":{"@type":"PropertyValueSpecification","valueRequired":true,"valueName":"search_term_string"}}],"inLanguage":"ro-RO"},{"@type":"Organization","@id":"https:\/\/ara.md\/#organization","name":"Association of Recruitment Agencies of Moldova","alternateName":"ARA","url":"https:\/\/ara.md\/","logo":{"@type":"ImageObject","inLanguage":"ro-RO","@id":"https:\/\/ara.md\/#\/schema\/logo\/image\/","url":"https:\/\/ara.md\/wp-content\/uploads\/2023\/07\/ara-logo-horizontal-en.svg","contentUrl":"https:\/\/ara.md\/wp-content\/uploads\/2023\/07\/ara-logo-horizontal-en.svg","caption":"Association of Recruitment Agencies of Moldova"},"image":{"@id":"https:\/\/ara.md\/#\/schema\/logo\/image\/"},"sameAs":["https:\/\/www.facebook.com\/ara.moldova","https:\/\/www.linkedin.com\/company\/78005867\/admin\/dashboard\/","https:\/\/www.instagram.com\/ara.moldova\/","https:\/\/www.youtube.com\/@ara.moldova"]}]}},"_links":{"self":[{"href":"https:\/\/ara.md\/ro\/wp-json\/wp\/v2\/pages\/69","targetHints":{"allow":["GET"]}}],"collection":[{"href":"https:\/\/ara.md\/ro\/wp-json\/wp\/v2\/pages"}],"about":[{"href":"https:\/\/ara.md\/ro\/wp-json\/wp\/v2\/types\/page"}],"author":[{"embeddable":true,"href":"https:\/\/ara.md\/ro\/wp-json\/wp\/v2\/users\/1"}],"replies":[{"embeddable":true,"href":"https:\/\/ara.md\/ro\/wp-json\/wp\/v2\/comments?post=69"}],"version-history":[{"count":33,"href":"https:\/\/ara.md\/ro\/wp-json\/wp\/v2\/pages\/69\/revisions"}],"predecessor-version":[{"id":6448,"href":"https:\/\/ara.md\/ro\/wp-json\/wp\/v2\/pages\/69\/revisions\/6448"}],"wp:featuredmedia":[{"embeddable":true,"href":"https:\/\/ara.md\/ro\/wp-json\/wp\/v2\/media\/2049"}],"wp:attachment":[{"href":"https:\/\/ara.md\/ro\/wp-json\/wp\/v2\/media?parent=69"}],"curies":[{"name":"wp","href":"https:\/\/api.w.org\/{rel}","templated":true}]}}