{"id":774,"date":"2023-07-11T06:29:10","date_gmt":"2023-07-11T03:29:10","guid":{"rendered":"https:\/\/asociatia.md\/benefits\/"},"modified":"2024-11-11T18:35:47","modified_gmt":"2024-11-11T16:35:47","slug":"beneficii","status":"publish","type":"page","link":"https:\/\/ara.md\/ro\/beneficii\/","title":{"rendered":"Beneficii"},"content":{"rendered":"\n<p>Bine ai venit pe pagina care acoper\u0103 beneficiile colabor\u0103rii cu Asocia\u021bia Agen\u021biilor de Recrutare din Moldova (ARA). Asocia\u021bia noastr\u0103 ofer\u0103 oportunit\u0103\u021bi unice at\u00e2t pentru angajatori, c\u00e2t \u0219i pentru candida\u021bi, asigur\u00e2nd standarde ridicate \u0219i servicii profesioniste. Descoper\u0103 cum colaborarea cu noi poate duce afacerea \u0219i cariera ta la un nivel superior.<\/p>\n\n\n\n<div class=\"wp-block-columns is-layout-flex wp-container-core-columns-is-layout-9d6595d7 wp-block-columns-is-layout-flex\">\n<div class=\"wp-block-column is-layout-flow wp-block-column-is-layout-flow\"><\/div>\n\n\n\n<div class=\"wp-block-column is-layout-flow wp-block-column-is-layout-flow\"><\/div>\n\n\n\n<div class=\"wp-block-column is-layout-flow wp-block-column-is-layout-flow\"><\/div>\n<\/div>\n","protected":false},"excerpt":{"rendered":"<p>Bine ai venit pe pagina care acoper\u0103 beneficiile colabor\u0103rii cu Aso...","protected":false},"author":1,"featured_media":0,"parent":0,"menu_order":0,"comment_status":"closed","ping_status":"closed","template":"templates\/benefits.php","meta":{"_acf_changed":false,"inline_featured_image":false,"footnotes":""},"class_list":["post-774","page","type-page","status-publish","hentry"],"acf":[],"yoast_head":"<!-- This site is optimized with the Yoast SEO plugin v26.8 - https:\/\/yoast.com\/product\/yoast-seo-wordpress\/ -->\n<title>Beneficiile colabor\u0103rii cu Asocia\u021bia Agen\u021biilor de Recrutare &#8212; ARA<\/title>\n<meta name=\"description\" content=\"Parteneriatul cu Asocia\u021bia Agen\u021biilor de Recrutare (ARA) \u00ee\u021bi va \u00eembun\u0103t\u0103\u021bi afacerea \u0219i cariera, oferind beneficii \u0219i profesionalism.\" \/>\n<meta name=\"robots\" content=\"index, follow, max-snippet:-1, max-image-preview:large, max-video-preview:-1\" \/>\n<link rel=\"canonical\" href=\"https:\/\/ara.md\/ro\/beneficii\/\" \/>\n<meta property=\"og:locale\" content=\"ro_RO\" \/>\n<meta property=\"og:type\" content=\"article\" \/>\n<meta property=\"og:title\" content=\"Beneficiile colabor\u0103rii cu Asocia\u021bia Agen\u021biilor de Recrutare &#8212; ARA\" \/>\n<meta property=\"og:description\" content=\"Parteneriatul cu Asocia\u021bia Agen\u021biilor de Recrutare (ARA) \u00ee\u021bi va \u00eembun\u0103t\u0103\u021bi afacerea \u0219i cariera, oferind beneficii \u0219i profesionalism.\" \/>\n<meta property=\"og:url\" content=\"https:\/\/ara.md\/ro\/beneficii\/\" \/>\n<meta property=\"og:site_name\" content=\"ARA\" \/>\n<meta property=\"article:publisher\" content=\"https:\/\/www.facebook.com\/ara.moldova\" \/>\n<meta property=\"article:modified_time\" content=\"2024-11-11T16:35:47+00:00\" \/>\n<meta property=\"og:image\" content=\"https:\/\/ara.md\/wp-content\/uploads\/2024\/07\/120996785_190901899304053_2415639135373465751_n.jpg\" \/>\n\t<meta property=\"og:image:width\" content=\"940\" \/>\n\t<meta property=\"og:image:height\" content=\"510\" \/>\n\t<meta property=\"og:image:type\" content=\"image\/jpeg\" \/>\n<meta name=\"twitter:card\" content=\"summary_large_image\" \/>\n<meta name=\"twitter:label1\" content=\"Timp estimat pentru citire\" \/>\n\t<meta name=\"twitter:data1\" content=\"1 minut\" \/>\n<script type=\"application\/ld+json\" class=\"yoast-schema-graph\">{\"@context\":\"https:\/\/schema.org\",\"@graph\":[{\"@type\":\"WebPage\",\"@id\":\"https:\/\/ara.md\/ro\/beneficii\/\",\"url\":\"https:\/\/ara.md\/ro\/beneficii\/\",\"name\":\"Beneficiile colabor\u0103rii cu Asocia\u021bia Agen\u021biilor de Recrutare &#8212; ARA\",\"isPartOf\":{\"@id\":\"https:\/\/ara.md\/#website\"},\"datePublished\":\"2023-07-11T03:29:10+00:00\",\"dateModified\":\"2024-11-11T16:35:47+00:00\",\"description\":\"Parteneriatul cu Asocia\u021bia Agen\u021biilor de Recrutare (ARA) \u00ee\u021bi va \u00eembun\u0103t\u0103\u021bi afacerea \u0219i cariera, oferind beneficii \u0219i profesionalism.\",\"breadcrumb\":{\"@id\":\"https:\/\/ara.md\/ro\/beneficii\/#breadcrumb\"},\"inLanguage\":\"ro-RO\",\"potentialAction\":[{\"@type\":\"ReadAction\",\"target\":[\"https:\/\/ara.md\/ro\/beneficii\/\"]}]},{\"@type\":\"BreadcrumbList\",\"@id\":\"https:\/\/ara.md\/ro\/beneficii\/#breadcrumb\",\"itemListElement\":[{\"@type\":\"ListItem\",\"position\":1,\"name\":\"Home\",\"item\":\"https:\/\/ara.md\/ro\/\"},{\"@type\":\"ListItem\",\"position\":2,\"name\":\"Beneficii\"}]},{\"@type\":\"WebSite\",\"@id\":\"https:\/\/ara.md\/#website\",\"url\":\"https:\/\/ara.md\/\",\"name\":\"Association of Recruitment Agencies of Moldova\",\"description\":\"All the Recruitment Power of Moldova in Your Hands\",\"publisher\":{\"@id\":\"https:\/\/ara.md\/#organization\"},\"alternateName\":\"ARA\",\"potentialAction\":[{\"@type\":\"SearchAction\",\"target\":{\"@type\":\"EntryPoint\",\"urlTemplate\":\"https:\/\/ara.md\/?s={search_term_string}\"},\"query-input\":{\"@type\":\"PropertyValueSpecification\",\"valueRequired\":true,\"valueName\":\"search_term_string\"}}],\"inLanguage\":\"ro-RO\"},{\"@type\":\"Organization\",\"@id\":\"https:\/\/ara.md\/#organization\",\"name\":\"Association of Recruitment Agencies of Moldova\",\"alternateName\":\"ARA\",\"url\":\"https:\/\/ara.md\/\",\"logo\":{\"@type\":\"ImageObject\",\"inLanguage\":\"ro-RO\",\"@id\":\"https:\/\/ara.md\/#\/schema\/logo\/image\/\",\"url\":\"https:\/\/ara.md\/wp-content\/uploads\/2023\/07\/ara-logo-horizontal-en.svg\",\"contentUrl\":\"https:\/\/ara.md\/wp-content\/uploads\/2023\/07\/ara-logo-horizontal-en.svg\",\"caption\":\"Association of Recruitment Agencies of Moldova\"},\"image\":{\"@id\":\"https:\/\/ara.md\/#\/schema\/logo\/image\/\"},\"sameAs\":[\"https:\/\/www.facebook.com\/ara.moldova\",\"https:\/\/www.linkedin.com\/company\/78005867\/admin\/dashboard\/\",\"https:\/\/www.instagram.com\/ara.moldova\/\",\"https:\/\/www.youtube.com\/@ara.moldova\"]}]}<\/script>\n<!-- \/ Yoast SEO plugin. -->","yoast_head_json":{"title":"Beneficiile colabor\u0103rii cu Asocia\u021bia Agen\u021biilor de Recrutare &#8212; ARA","description":"Parteneriatul cu Asocia\u021bia Agen\u021biilor de Recrutare (ARA) \u00ee\u021bi va \u00eembun\u0103t\u0103\u021bi afacerea \u0219i cariera, oferind beneficii \u0219i profesionalism.","robots":{"index":"index","follow":"follow","max-snippet":"max-snippet:-1","max-image-preview":"max-image-preview:large","max-video-preview":"max-video-preview:-1"},"canonical":"https:\/\/ara.md\/ro\/beneficii\/","og_locale":"ro_RO","og_type":"article","og_title":"Beneficiile colabor\u0103rii cu Asocia\u021bia Agen\u021biilor de Recrutare &#8212; ARA","og_description":"Parteneriatul cu Asocia\u021bia Agen\u021biilor de Recrutare (ARA) \u00ee\u021bi va \u00eembun\u0103t\u0103\u021bi afacerea \u0219i cariera, oferind beneficii \u0219i profesionalism.","og_url":"https:\/\/ara.md\/ro\/beneficii\/","og_site_name":"ARA","article_publisher":"https:\/\/www.facebook.com\/ara.moldova","article_modified_time":"2024-11-11T16:35:47+00:00","og_image":[{"width":940,"height":510,"url":"https:\/\/ara.md\/wp-content\/uploads\/2024\/07\/120996785_190901899304053_2415639135373465751_n.jpg","type":"image\/jpeg"}],"twitter_card":"summary_large_image","twitter_misc":{"Timp estimat pentru citire":"1 minut"},"schema":{"@context":"https:\/\/schema.org","@graph":[{"@type":"WebPage","@id":"https:\/\/ara.md\/ro\/beneficii\/","url":"https:\/\/ara.md\/ro\/beneficii\/","name":"Beneficiile colabor\u0103rii cu Asocia\u021bia Agen\u021biilor de Recrutare &#8212; ARA","isPartOf":{"@id":"https:\/\/ara.md\/#website"},"datePublished":"2023-07-11T03:29:10+00:00","dateModified":"2024-11-11T16:35:47+00:00","description":"Parteneriatul cu Asocia\u021bia Agen\u021biilor de Recrutare (ARA) \u00ee\u021bi va \u00eembun\u0103t\u0103\u021bi afacerea \u0219i cariera, oferind beneficii \u0219i profesionalism.","breadcrumb":{"@id":"https:\/\/ara.md\/ro\/beneficii\/#breadcrumb"},"inLanguage":"ro-RO","potentialAction":[{"@type":"ReadAction","target":["https:\/\/ara.md\/ro\/beneficii\/"]}]},{"@type":"BreadcrumbList","@id":"https:\/\/ara.md\/ro\/beneficii\/#breadcrumb","itemListElement":[{"@type":"ListItem","position":1,"name":"Home","item":"https:\/\/ara.md\/ro\/"},{"@type":"ListItem","position":2,"name":"Beneficii"}]},{"@type":"WebSite","@id":"https:\/\/ara.md\/#website","url":"https:\/\/ara.md\/","name":"Association of Recruitment Agencies of Moldova","description":"All the Recruitment Power of Moldova in Your Hands","publisher":{"@id":"https:\/\/ara.md\/#organization"},"alternateName":"ARA","potentialAction":[{"@type":"SearchAction","target":{"@type":"EntryPoint","urlTemplate":"https:\/\/ara.md\/?s={search_term_string}"},"query-input":{"@type":"PropertyValueSpecification","valueRequired":true,"valueName":"search_term_string"}}],"inLanguage":"ro-RO"},{"@type":"Organization","@id":"https:\/\/ara.md\/#organization","name":"Association of Recruitment Agencies of Moldova","alternateName":"ARA","url":"https:\/\/ara.md\/","logo":{"@type":"ImageObject","inLanguage":"ro-RO","@id":"https:\/\/ara.md\/#\/schema\/logo\/image\/","url":"https:\/\/ara.md\/wp-content\/uploads\/2023\/07\/ara-logo-horizontal-en.svg","contentUrl":"https:\/\/ara.md\/wp-content\/uploads\/2023\/07\/ara-logo-horizontal-en.svg","caption":"Association of Recruitment Agencies of Moldova"},"image":{"@id":"https:\/\/ara.md\/#\/schema\/logo\/image\/"},"sameAs":["https:\/\/www.facebook.com\/ara.moldova","https:\/\/www.linkedin.com\/company\/78005867\/admin\/dashboard\/","https:\/\/www.instagram.com\/ara.moldova\/","https:\/\/www.youtube.com\/@ara.moldova"]}]}},"_links":{"self":[{"href":"https:\/\/ara.md\/ro\/wp-json\/wp\/v2\/pages\/774","targetHints":{"allow":["GET"]}}],"collection":[{"href":"https:\/\/ara.md\/ro\/wp-json\/wp\/v2\/pages"}],"about":[{"href":"https:\/\/ara.md\/ro\/wp-json\/wp\/v2\/types\/page"}],"author":[{"embeddable":true,"href":"https:\/\/ara.md\/ro\/wp-json\/wp\/v2\/users\/1"}],"replies":[{"embeddable":true,"href":"https:\/\/ara.md\/ro\/wp-json\/wp\/v2\/comments?post=774"}],"version-history":[{"count":14,"href":"https:\/\/ara.md\/ro\/wp-json\/wp\/v2\/pages\/774\/revisions"}],"predecessor-version":[{"id":6453,"href":"https:\/\/ara.md\/ro\/wp-json\/wp\/v2\/pages\/774\/revisions\/6453"}],"wp:attachment":[{"href":"https:\/\/ara.md\/ro\/wp-json\/wp\/v2\/media?parent=774"}],"curies":[{"name":"wp","href":"https:\/\/api.w.org\/{rel}","templated":true}]}}